{"id":50,"date":"2025-12-20T08:11:09","date_gmt":"2025-12-20T07:11:09","guid":{"rendered":"https:\/\/www.xn--schlsseldienst-schmeier-04b12e.de\/?page_id=50"},"modified":"2025-12-20T08:11:09","modified_gmt":"2025-12-20T07:11:09","slug":"datenschutzerklaerung-2","status":"publish","type":"page","link":"https:\/\/www.xn--schlsseldienst-schmeier-04b12e.de\/index.php\/datenschutzerklaerung-2\/","title":{"rendered":"Datenschutzerkl\u00e4rung"},"content":{"rendered":"<p>1. Datenschutz auf einen Blick<br \/>\nAllgemeine Hinweise<br \/>\nDer Schutz Ihrer pers\u00f6nlichen Daten ist uns ein wichtiges Anliegen.<br \/>\nDie folgenden Hinweise geben einen einfachen \u00dcberblick dar\u00fcber, was mit Ihren personenbezogenen Daten passiert, wenn Sie diese Website besuchen.<br \/>\nPersonenbezogene Daten sind alle Daten, mit denen Sie pers\u00f6nlich identifiziert werden k\u00f6nnen.<\/p>\n<p>2. Verantwortliche Stelle<br \/>\nVerantwortlich f\u00fcr die Datenverarbeitung auf dieser Website ist:<br \/>\nSven Schmei\u00dfer\/Schl\u00fcsseldienst Schmei\u00dfer<br \/>\nErwinstra\u00dfe 48<br \/>\n44147 Dortmund<br \/>\nTelefon: 0176\/96085867<br \/>\nE-Mail:schluesseldienst-schmeisser@gmx.de<\/p>\n<p>3. Hosting<br \/>\ngoneo Internet GmbH<br \/>\nDresdener Stra\u00dfe 18<br \/>\n32423 Minden<br \/>\nDeutschland<br \/>\nBeim Besuch unserer Website erfasst goneo automatisch sogenannte Server-Logfiles.<br \/>\nDiese beinhalten z. B.:<br \/>\n\t\u2022\tIP-Adresse (anonymisiert)<br \/>\n\t\u2022\tDatum und Uhrzeit des Zugriffs<br \/>\n\t\u2022\taufgerufene Seite\/Datei<br \/>\n\t\u2022\tBrowsertyp und -version<br \/>\n\t\u2022\tverwendetes Betriebssystem<br \/>\nDie Erfassung dieser Daten erfolgt auf Grundlage von Art. 6 Abs. 1 lit. f DSGVO<br \/>\n(berechtigtes Interesse an der technisch fehlerfreien Darstellung und Sicherheit der Website).<\/p>\n<p>4. SSL- bzw. TLS-Verschl\u00fcsselung<br \/>\nDiese Website nutzt aus Sicherheitsgr\u00fcnden und zum Schutz der \u00dcbertragung vertraulicher Inhalte eine SSL- bzw. TLS-Verschl\u00fcsselung.<br \/>\nEine verschl\u00fcsselte Verbindung erkennen Sie daran, dass die Adresszeile des Browsers von<br \/>\nhttp:\/\/ auf https:\/\/ wechselt und an dem Schloss-Symbol in Ihrer Browserzeile.<\/p>\n<p>5. Cookies<br \/>\nDiese Website verwendet keine Cookies, die eine Einwilligung erfordern.<br \/>\nEs kommen keine Tracking-, Marketing- oder Analyse-Cookies zum Einsatz.<\/p>\n<p>6. Analyse-Tools und Tools von Drittanbietern<br \/>\nAuf dieser Website werden keine Analyse- oder Tracking-Tools (z. B. Google Analytics, Facebook Pixel o. \u00c4.) eingesetzt.<\/p>\n<p>7. Kontaktaufnahme<br \/>\nWenn Sie mich per Telefon oder E-Mail kontaktieren, werden Ihre Angaben zur Bearbeitung der Anfrage gespeichert.<br \/>\nDie Verarbeitung dieser Daten erfolgt auf Grundlage von Art. 6 Abs. 1 lit. b DSGVO<br \/>\n(Verarbeitung zur Erf\u00fcllung eines Vertrags oder vorvertraglicher Ma\u00dfnahmen).<br \/>\nDie Daten werden nicht ohne Ihre Einwilligung weitergegeben.<\/p>\n<p>8. Ihre Rechte<br \/>\nSie haben jederzeit das Recht auf:<br \/>\n\t\u2022\tAuskunft \u00fcber Ihre gespeicherten personenbezogenen Daten (Art. 15 DSGVO)<br \/>\n\t\u2022\tBerichtigung unrichtiger Daten (Art. 16 DSGVO)<br \/>\n\t\u2022\tL\u00f6schung Ihrer Daten (Art. 17 DSGVO)<br \/>\n\t\u2022\tEinschr\u00e4nkung der Verarbeitung (Art. 18 DSGVO)<br \/>\n\t\u2022\tWiderspruch gegen die Verarbeitung (Art. 21 DSGVO)<br \/>\n\t\u2022\tDaten\u00fcbertragbarkeit (Art. 20 DSGVO)<br \/>\nHierzu sowie zu weiteren Fragen zum Thema Datenschutz k\u00f6nnen Sie sich jederzeit an uns wenden.<\/p>\n<p>9. Beschwerderecht bei der zust\u00e4ndigen Aufsichtsbeh\u00f6rde<br \/>\nIm Falle datenschutzrechtlicher Verst\u00f6\u00dfe steht Ihnen ein Beschwerderecht bei der zust\u00e4ndigen Aufsichtsbeh\u00f6rde zu.<br \/>\nZust\u00e4ndig ist der Datenschutzbeauftragte des jeweiligen Bundeslandes Ihres Wohn- oder Unternehmenssitzes.<\/p>\n<p>10. Aktualit\u00e4t und \u00c4nderung dieser Datenschutzerkl\u00e4rung<br \/>\nDiese Datenschutzerkl\u00e4rung ist aktuell g\u00fcltig und hat den Stand Dezember 2025.<\/p>\n","protected":false},"excerpt":{"rendered":"<p>1. Datenschutz auf einen Blick Allgemeine Hinweise Der Schutz Ihrer pers\u00f6nlichen Daten ist uns ein wichtiges Anliegen. Die folgenden Hinweise geben einen einfachen \u00dcberblick dar\u00fcber, was mit Ihren personenbezogenen Daten passiert, wenn Sie diese Website besuchen. Personenbezogene Daten sind alle Daten, mit denen Sie pers\u00f6nlich identifiziert werden k\u00f6nnen. 2. Verantwortliche Stelle Verantwortlich f\u00fcr die Datenverarbeitung&#8230;<\/p>\n","protected":false},"author":1,"featured_media":0,"parent":0,"menu_order":0,"comment_status":"closed","ping_status":"closed","template":"","meta":{"_kad_post_transparent":"","_kad_post_title":"","_kad_post_layout":"","_kad_post_sidebar_id":"","_kad_post_content_style":"","_kad_post_vertical_padding":"","_kad_post_feature":"","_kad_post_feature_position":"","_kad_post_header":false,"_kad_post_footer":false,"_kad_post_classname":"","footnotes":""},"class_list":["post-50","page","type-page","status-publish","hentry"],"_links":{"self":[{"href":"https:\/\/www.xn--schlsseldienst-schmeier-04b12e.de\/index.php\/wp-json\/wp\/v2\/pages\/50","targetHints":{"allow":["GET"]}}],"collection":[{"href":"https:\/\/www.xn--schlsseldienst-schmeier-04b12e.de\/index.php\/wp-json\/wp\/v2\/pages"}],"about":[{"href":"https:\/\/www.xn--schlsseldienst-schmeier-04b12e.de\/index.php\/wp-json\/wp\/v2\/types\/page"}],"author":[{"embeddable":true,"href":"https:\/\/www.xn--schlsseldienst-schmeier-04b12e.de\/index.php\/wp-json\/wp\/v2\/users\/1"}],"replies":[{"embeddable":true,"href":"https:\/\/www.xn--schlsseldienst-schmeier-04b12e.de\/index.php\/wp-json\/wp\/v2\/comments?post=50"}],"version-history":[{"count":1,"href":"https:\/\/www.xn--schlsseldienst-schmeier-04b12e.de\/index.php\/wp-json\/wp\/v2\/pages\/50\/revisions"}],"predecessor-version":[{"id":51,"href":"https:\/\/www.xn--schlsseldienst-schmeier-04b12e.de\/index.php\/wp-json\/wp\/v2\/pages\/50\/revisions\/51"}],"wp:attachment":[{"href":"https:\/\/www.xn--schlsseldienst-schmeier-04b12e.de\/index.php\/wp-json\/wp\/v2\/media?parent=50"}],"curies":[{"name":"wp","href":"https:\/\/api.w.org\/{rel}","templated":true}]}}