{"id":46,"date":"2025-12-20T07:56:08","date_gmt":"2025-12-20T06:56:08","guid":{"rendered":"https:\/\/www.xn--schlsseldienst-schmeier-04b12e.de\/?page_id=46"},"modified":"2025-12-20T07:56:08","modified_gmt":"2025-12-20T06:56:08","slug":"impressum","status":"publish","type":"page","link":"https:\/\/www.xn--schlsseldienst-schmeier-04b12e.de\/index.php\/impressum\/","title":{"rendered":"Impressum"},"content":{"rendered":"<p>\u2610 Angaben gem\u00e4\u00df \u00a7 5 TMG und \u00a7 18 MStV<br \/>\nFirmenname:<br \/>\nSchl\u00fcsseldienst Schmei\u00dfer<br \/>\nInhaber \/ Verantwortlich f\u00fcr den Inhalt:<br \/>\nSven Schmei\u00dfer<br \/>\nAnschrift:<br \/>\nErwinstra\u00dfe 48<br \/>\n44147 Dortmund<br \/>\nTelefon:<br \/>\n0176 96085867<br \/>\nE-Mail:<br \/>\nschl\u00fcsseldienst-schmeisser@gmx.de<\/p>\n<p>\u2610 Umsatzsteuer<br \/>\nUmsatzsteuer-Identifikationsnummer gem\u00e4\u00df \u00a7 27a UStG:<br \/>\n[USt-IdNr. &#8211; diese Seite befindet sich im Aufbau  &#8211; wird nachgetragen]<br \/>\n\u2e3b<br \/>\n\u2610 Aufsichtsbeh\u00f6rde<br \/>\n[Name der zust\u00e4ndigen Handwerkskammer oder Aufsichtsbeh\u00f6rde]<br \/>\n[diese Seite befindet sich im Aufbau  &#8211; wird nachgetragen]<\/p>\n<p>\u2610 Haftung f\u00fcr Inhalte<br \/>\nAls Diensteanbieter bin ich gem\u00e4\u00df \u00a7 7 Abs. 1 TMG f\u00fcr eigene Inhalte auf diesen Seiten nach den allgemeinen Gesetzen verantwortlich.<br \/>\nNach \u00a7\u00a7 8 bis 10 TMG bin ich als Diensteanbieter jedoch nicht verpflichtet, \u00fcbermittelte oder gespeicherte fremde Informationen zu \u00fcberwachen oder nach Umst\u00e4nden zu forschen, die auf eine rechtswidrige T\u00e4tigkeit hinweisen.<br \/>\nEine Haftung ist erst ab dem Zeitpunkt der Kenntnis einer konkreten Rechtsverletzung m\u00f6glich.<br \/>\nBei Bekanntwerden entsprechender Rechtsverletzungen werden wir diese Inhalte umgehend entfernen.<\/p>\n<p>\u2610 Haftung f\u00fcr Links<br \/>\nUnsere Website enth\u00e4lt ggf. Links zu externen Websites Dritter, auf deren Inhalte wir keinen Einfluss haben.<br \/>\nF\u00fcr diese fremden Inhalte k\u00f6nnen wir daher keine Gew\u00e4hr \u00fcbernehmen.<br \/>\nF\u00fcr die Inhalte der verlinkten Seiten ist stets der jeweilige Anbieter oder Betreiber der Seiten verantwortlich.<\/p>\n<p>\u2610 Urheberrecht<br \/>\nDie durch den Seitenbetreiber erstellten Inhalte und Werke auf diesen Seiten unterliegen dem deutschen Urheberrecht.<br \/>\nBeitr\u00e4ge Dritter sind als solche gekennzeichnet.<br \/>\nDie Vervielf\u00e4ltigung, Bearbeitung, Verbreitung und jede Art der Verwertung au\u00dferhalb der Grenzen des Urheberrechtes bed\u00fcrfen der schriftlichen Zustimmung des jeweiligen Autors bzw. Erstellers.<\/p>\n<p>\u2610 Online-Streitbeilegung<br \/>\nDie Europ\u00e4ische Kommission stellt eine Plattform zur Online-Streitbeilegung (OS) bereit:<br \/>\nhttps:\/\/ec.europa.eu\/consumers\/odr<br \/>\nMeine E-Mail-Adresse finden Sie oben im Impressum.<\/p>\n<p>\u2610 Verbraucherstreitbeilegung<br \/>\nIch bin nicht verpflichtet und nicht bereit, an Streitbeilegungsverfahren vor einer Verbraucherschlichtungsstelle teilzunehmen.<\/p>\n","protected":false},"excerpt":{"rendered":"<p>\u2610 Angaben gem\u00e4\u00df \u00a7 5 TMG und \u00a7 18 MStV Firmenname: Schl\u00fcsseldienst Schmei\u00dfer Inhaber \/ Verantwortlich f\u00fcr den Inhalt: Sven Schmei\u00dfer Anschrift: Erwinstra\u00dfe 48 44147 Dortmund Telefon: 0176 96085867 E-Mail: schl\u00fcsseldienst-schmeisser@gmx.de \u2610 Umsatzsteuer Umsatzsteuer-Identifikationsnummer gem\u00e4\u00df \u00a7 27a UStG: [USt-IdNr. &#8211; diese Seite befindet sich im Aufbau &#8211; wird nachgetragen] \u2e3b \u2610 Aufsichtsbeh\u00f6rde [Name der zust\u00e4ndigen&#8230;<\/p>\n","protected":false},"author":1,"featured_media":0,"parent":0,"menu_order":0,"comment_status":"closed","ping_status":"closed","template":"","meta":{"_kad_post_transparent":"","_kad_post_title":"","_kad_post_layout":"","_kad_post_sidebar_id":"","_kad_post_content_style":"","_kad_post_vertical_padding":"","_kad_post_feature":"","_kad_post_feature_position":"","_kad_post_header":false,"_kad_post_footer":false,"_kad_post_classname":"","footnotes":""},"class_list":["post-46","page","type-page","status-publish","hentry"],"_links":{"self":[{"href":"https:\/\/www.xn--schlsseldienst-schmeier-04b12e.de\/index.php\/wp-json\/wp\/v2\/pages\/46","targetHints":{"allow":["GET"]}}],"collection":[{"href":"https:\/\/www.xn--schlsseldienst-schmeier-04b12e.de\/index.php\/wp-json\/wp\/v2\/pages"}],"about":[{"href":"https:\/\/www.xn--schlsseldienst-schmeier-04b12e.de\/index.php\/wp-json\/wp\/v2\/types\/page"}],"author":[{"embeddable":true,"href":"https:\/\/www.xn--schlsseldienst-schmeier-04b12e.de\/index.php\/wp-json\/wp\/v2\/users\/1"}],"replies":[{"embeddable":true,"href":"https:\/\/www.xn--schlsseldienst-schmeier-04b12e.de\/index.php\/wp-json\/wp\/v2\/comments?post=46"}],"version-history":[{"count":1,"href":"https:\/\/www.xn--schlsseldienst-schmeier-04b12e.de\/index.php\/wp-json\/wp\/v2\/pages\/46\/revisions"}],"predecessor-version":[{"id":47,"href":"https:\/\/www.xn--schlsseldienst-schmeier-04b12e.de\/index.php\/wp-json\/wp\/v2\/pages\/46\/revisions\/47"}],"wp:attachment":[{"href":"https:\/\/www.xn--schlsseldienst-schmeier-04b12e.de\/index.php\/wp-json\/wp\/v2\/media?parent=46"}],"curies":[{"name":"wp","href":"https:\/\/api.w.org\/{rel}","templated":true}]}}