{"id":2,"date":"2025-10-30T09:51:30","date_gmt":"2025-10-30T07:51:30","guid":{"rendered":"\/?page_id=2"},"modified":"2025-12-30T06:52:10","modified_gmt":"2025-12-30T05:52:10","slug":"beispiel-seite","status":"publish","type":"page","link":"https:\/\/www.xn--schlsseldienst-schmeier-04b12e.de\/","title":{"rendered":"Start"},"content":{"rendered":"\n<p class=\"has-text-align-center\"><strong>KONTAKT: 0176 96085867<\/strong><\/p>\n\n\n\n<h2 class=\"wp-block-heading\"><strong>Willkommen auf meiner Homepage! Nachfolgend m\u00f6chte ich Ihnen eine \u00dcbersicht \u00fcber meine Dienstleistungen geben: <\/strong><\/h2>\n\n\n\n<div class=\"wp-block-media-text is-stacked-on-mobile\"><figure class=\"wp-block-media-text__media\"><img loading=\"lazy\" decoding=\"async\" width=\"1024\" height=\"683\" src=\"https:\/\/www.xn--schlsseldienst-schmeier-04b12e.de\/wp-content\/uploads\/2025\/12\/sicherheitstechnik_web_optimiert-1024x683.jpg\" alt=\"\" class=\"wp-image-89 size-full\" srcset=\"https:\/\/www.xn--schlsseldienst-schmeier-04b12e.de\/wp-content\/uploads\/2025\/12\/sicherheitstechnik_web_optimiert-1024x683.jpg 1024w, https:\/\/www.xn--schlsseldienst-schmeier-04b12e.de\/wp-content\/uploads\/2025\/12\/sicherheitstechnik_web_optimiert-300x200.jpg 300w, https:\/\/www.xn--schlsseldienst-schmeier-04b12e.de\/wp-content\/uploads\/2025\/12\/sicherheitstechnik_web_optimiert-768x512.jpg 768w, https:\/\/www.xn--schlsseldienst-schmeier-04b12e.de\/wp-content\/uploads\/2025\/12\/sicherheitstechnik_web_optimiert.jpg 1536w\" sizes=\"auto, (max-width: 1024px) 100vw, 1024px\" \/><\/figure><div class=\"wp-block-media-text__content\">\n<p><strong>Sicherheitstechnik \u2013 Privat &amp; Gewerb<\/strong>e<\/p>\n\n\n\n<p>Ich berate und unterst\u00fctze Sie bei elektronischer und mechanischer Sicherheitstechnik f\u00fcr private und gewerbliche Objekte. Ziel ist es, T\u00fcren, Fenster und Zug\u00e4nge zuverl\u00e4ssig abzusichern \u2013 abgestimmt auf die jeweilige Nutzung.<\/p>\n<\/div><\/div>\n\n\n\n<div class=\"wp-block-media-text has-media-on-the-right is-stacked-on-mobile\"><div class=\"wp-block-media-text__content\">\n<p><strong>Schl\u00f6sser<\/strong><\/p>\n\n\n\n<p>Ich \u00fcbernehme den Einbau, Austausch und die Reparatur von T\u00fcrschl\u00f6ssern aller g\u00e4ngigen Bauarten. Dabei achte ich auf eine zuverl\u00e4ssige Funktion und einen passenden Sicherheitsstandard.<\/p>\n<\/div><figure class=\"wp-block-media-text__media\"><img loading=\"lazy\" decoding=\"async\" width=\"1024\" height=\"683\" src=\"https:\/\/www.xn--schlsseldienst-schmeier-04b12e.de\/wp-content\/uploads\/2025\/12\/schloesser_haustuer_web_optimiert-1024x683.jpg\" alt=\"\" class=\"wp-image-91 size-full\" srcset=\"https:\/\/www.xn--schlsseldienst-schmeier-04b12e.de\/wp-content\/uploads\/2025\/12\/schloesser_haustuer_web_optimiert-1024x683.jpg 1024w, https:\/\/www.xn--schlsseldienst-schmeier-04b12e.de\/wp-content\/uploads\/2025\/12\/schloesser_haustuer_web_optimiert-300x200.jpg 300w, https:\/\/www.xn--schlsseldienst-schmeier-04b12e.de\/wp-content\/uploads\/2025\/12\/schloesser_haustuer_web_optimiert-768x512.jpg 768w, https:\/\/www.xn--schlsseldienst-schmeier-04b12e.de\/wp-content\/uploads\/2025\/12\/schloesser_haustuer_web_optimiert.jpg 1536w\" sizes=\"auto, (max-width: 1024px) 100vw, 1024px\" \/><\/figure><\/div>\n\n\n\n<h3 class=\"wp-block-heading\"><\/h3>\n\n\n\n<div class=\"wp-block-media-text is-stacked-on-mobile\"><figure class=\"wp-block-media-text__media\"><img loading=\"lazy\" decoding=\"async\" width=\"1024\" height=\"683\" src=\"https:\/\/www.xn--schlsseldienst-schmeier-04b12e.de\/wp-content\/uploads\/2025\/12\/e508d0b5c9b3e9ded950dce45698a105d6ee5ff71d08b7fc72ead46ed9b76dcd-1024x683.png\" alt=\"\" class=\"wp-image-100 size-full\" srcset=\"https:\/\/www.xn--schlsseldienst-schmeier-04b12e.de\/wp-content\/uploads\/2025\/12\/e508d0b5c9b3e9ded950dce45698a105d6ee5ff71d08b7fc72ead46ed9b76dcd-1024x683.png 1024w, https:\/\/www.xn--schlsseldienst-schmeier-04b12e.de\/wp-content\/uploads\/2025\/12\/e508d0b5c9b3e9ded950dce45698a105d6ee5ff71d08b7fc72ead46ed9b76dcd-300x200.png 300w, https:\/\/www.xn--schlsseldienst-schmeier-04b12e.de\/wp-content\/uploads\/2025\/12\/e508d0b5c9b3e9ded950dce45698a105d6ee5ff71d08b7fc72ead46ed9b76dcd-768x512.png 768w, https:\/\/www.xn--schlsseldienst-schmeier-04b12e.de\/wp-content\/uploads\/2025\/12\/e508d0b5c9b3e9ded950dce45698a105d6ee5ff71d08b7fc72ead46ed9b76dcd.png 1536w\" sizes=\"auto, (max-width: 1024px) 100vw, 1024px\" \/><\/figure><div class=\"wp-block-media-text__content\">\n<p><strong>T\u00fcr- und Tresor\u00f6ffnungen<\/strong><\/p>\n\n\n\n<p>Bei Aussperrungen, Defekten oder Schl\u00fcsselverlust \u00f6ffne ich T\u00fcren und Tresore fachgerecht. Dabei arbeite ich sorgf\u00e4ltig und versuche, Besch\u00e4digungen so gering wie m\u00f6glich zu halten.<\/p>\n<\/div><\/div>\n\n\n\n<div class=\"wp-block-media-text has-media-on-the-right is-stacked-on-mobile\"><div class=\"wp-block-media-text__content\">\n<p><strong>Schlie\u00dfanlagen<\/strong><\/p>\n\n\n\n<p>Ich plane, installiere und betreue Schlie\u00dfanlagen f\u00fcr Wohn- und Gewerbeobjekte. Bestehende Anlagen k\u00f6nnen erweitert oder angepasst werden, wenn sich Anforderungen oder Nutzer \u00e4ndern.<\/p>\n<\/div><figure class=\"wp-block-media-text__media\"><img loading=\"lazy\" decoding=\"async\" width=\"1024\" height=\"682\" src=\"https:\/\/www.xn--schlsseldienst-schmeier-04b12e.de\/wp-content\/uploads\/2025\/12\/schliessanlagen_web_optimiert-1024x682.jpg\" alt=\"\" class=\"wp-image-90 size-full\" srcset=\"https:\/\/www.xn--schlsseldienst-schmeier-04b12e.de\/wp-content\/uploads\/2025\/12\/schliessanlagen_web_optimiert-1024x682.jpg 1024w, https:\/\/www.xn--schlsseldienst-schmeier-04b12e.de\/wp-content\/uploads\/2025\/12\/schliessanlagen_web_optimiert-300x200.jpg 300w, https:\/\/www.xn--schlsseldienst-schmeier-04b12e.de\/wp-content\/uploads\/2025\/12\/schliessanlagen_web_optimiert-768x512.jpg 768w, https:\/\/www.xn--schlsseldienst-schmeier-04b12e.de\/wp-content\/uploads\/2025\/12\/schliessanlagen_web_optimiert-1536x1023.jpg 1536w, https:\/\/www.xn--schlsseldienst-schmeier-04b12e.de\/wp-content\/uploads\/2025\/12\/schliessanlagen_web_optimiert.jpg 1600w\" sizes=\"auto, (max-width: 1024px) 100vw, 1024px\" \/><\/figure><\/div>\n\n\n\n<h3 class=\"wp-block-heading\"><\/h3>\n\n\n\n<div class=\"wp-block-media-text is-stacked-on-mobile\"><figure class=\"wp-block-media-text__media\"><img loading=\"lazy\" decoding=\"async\" width=\"1024\" height=\"683\" src=\"https:\/\/www.xn--schlsseldienst-schmeier-04b12e.de\/wp-content\/uploads\/2025\/12\/fa1ccc079561224285fdf16b70472581b5e71035a108659dade3c60f56bbd12a-1024x683.png\" alt=\"\" class=\"wp-image-102 size-full\" srcset=\"https:\/\/www.xn--schlsseldienst-schmeier-04b12e.de\/wp-content\/uploads\/2025\/12\/fa1ccc079561224285fdf16b70472581b5e71035a108659dade3c60f56bbd12a-1024x683.png 1024w, https:\/\/www.xn--schlsseldienst-schmeier-04b12e.de\/wp-content\/uploads\/2025\/12\/fa1ccc079561224285fdf16b70472581b5e71035a108659dade3c60f56bbd12a-300x200.png 300w, https:\/\/www.xn--schlsseldienst-schmeier-04b12e.de\/wp-content\/uploads\/2025\/12\/fa1ccc079561224285fdf16b70472581b5e71035a108659dade3c60f56bbd12a-768x512.png 768w, https:\/\/www.xn--schlsseldienst-schmeier-04b12e.de\/wp-content\/uploads\/2025\/12\/fa1ccc079561224285fdf16b70472581b5e71035a108659dade3c60f56bbd12a.png 1536w\" sizes=\"auto, (max-width: 1024px) 100vw, 1024px\" \/><\/figure><div class=\"wp-block-media-text__content\">\n<p><strong>Fenster und T\u00fcren \u2013 Wartung &amp; Reparatur<\/strong><\/p>\n\n\n\n<p>Ich warte und repariere Fenster und T\u00fcren, damit sie dauerhaft leichtg\u00e4ngig und sicher funktionieren. Kleinere M\u00e4ngel lassen sich so oft fr\u00fchzeitig beheben.<\/p>\n<\/div><\/div>\n\n\n\n<h3 class=\"wp-block-heading\"><\/h3>\n\n\n\n<div class=\"wp-block-media-text has-media-on-the-right is-stacked-on-mobile\"><div class=\"wp-block-media-text__content\">\n<p><strong>Rauchwarnmelder<\/strong><\/p>\n\n\n\n<p>Ich montiere, pr\u00fcfe und tausche Rauchwarnmelder gem\u00e4\u00df den geltenden Vorschriften. So ist sichergestellt, dass sie im Ernstfall zuverl\u00e4ssig ausl\u00f6sen.<\/p>\n<\/div><figure class=\"wp-block-media-text__media\"><img loading=\"lazy\" decoding=\"async\" width=\"683\" height=\"1024\" src=\"https:\/\/www.xn--schlsseldienst-schmeier-04b12e.de\/wp-content\/uploads\/2025\/12\/1fc0385e111b6a40f961baafdc8ccc35071488237a207365512f71bb37f979bc-683x1024.png\" alt=\"\" class=\"wp-image-105 size-full\" srcset=\"https:\/\/www.xn--schlsseldienst-schmeier-04b12e.de\/wp-content\/uploads\/2025\/12\/1fc0385e111b6a40f961baafdc8ccc35071488237a207365512f71bb37f979bc-683x1024.png 683w, https:\/\/www.xn--schlsseldienst-schmeier-04b12e.de\/wp-content\/uploads\/2025\/12\/1fc0385e111b6a40f961baafdc8ccc35071488237a207365512f71bb37f979bc-200x300.png 200w, https:\/\/www.xn--schlsseldienst-schmeier-04b12e.de\/wp-content\/uploads\/2025\/12\/1fc0385e111b6a40f961baafdc8ccc35071488237a207365512f71bb37f979bc-768x1152.png 768w, https:\/\/www.xn--schlsseldienst-schmeier-04b12e.de\/wp-content\/uploads\/2025\/12\/1fc0385e111b6a40f961baafdc8ccc35071488237a207365512f71bb37f979bc.png 1024w\" sizes=\"auto, (max-width: 683px) 100vw, 683px\" \/><\/figure><\/div>\n\n\n\n<h3 class=\"wp-block-heading\"><\/h3>\n\n\n\n<p><\/p>\n","protected":false},"excerpt":{"rendered":"<p>KONTAKT: 0176 96085867 Willkommen auf meiner Homepage! Nachfolgend m\u00f6chte ich Ihnen eine \u00dcbersicht \u00fcber meine Dienstleistungen geben: Sicherheitstechnik \u2013 Privat &amp; Gewerbe Ich berate und unterst\u00fctze Sie bei elektronischer und mechanischer Sicherheitstechnik f\u00fcr private und gewerbliche Objekte. Ziel ist es, T\u00fcren, Fenster und Zug\u00e4nge zuverl\u00e4ssig abzusichern \u2013 abgestimmt auf die jeweilige Nutzung. Schl\u00f6sser Ich \u00fcbernehme&#8230;<\/p>\n","protected":false},"author":1,"featured_media":0,"parent":0,"menu_order":0,"comment_status":"closed","ping_status":"open","template":"","meta":{"_kad_post_transparent":"disable","_kad_post_title":"hide","_kad_post_layout":"","_kad_post_sidebar_id":"","_kad_post_content_style":"","_kad_post_vertical_padding":"","_kad_post_feature":"","_kad_post_feature_position":"","_kad_post_header":false,"_kad_post_footer":false,"_kad_post_classname":"","footnotes":""},"class_list":["post-2","page","type-page","status-publish","hentry"],"_links":{"self":[{"href":"https:\/\/www.xn--schlsseldienst-schmeier-04b12e.de\/index.php\/wp-json\/wp\/v2\/pages\/2","targetHints":{"allow":["GET"]}}],"collection":[{"href":"https:\/\/www.xn--schlsseldienst-schmeier-04b12e.de\/index.php\/wp-json\/wp\/v2\/pages"}],"about":[{"href":"https:\/\/www.xn--schlsseldienst-schmeier-04b12e.de\/index.php\/wp-json\/wp\/v2\/types\/page"}],"author":[{"embeddable":true,"href":"https:\/\/www.xn--schlsseldienst-schmeier-04b12e.de\/index.php\/wp-json\/wp\/v2\/users\/1"}],"replies":[{"embeddable":true,"href":"https:\/\/www.xn--schlsseldienst-schmeier-04b12e.de\/index.php\/wp-json\/wp\/v2\/comments?post=2"}],"version-history":[{"count":18,"href":"https:\/\/www.xn--schlsseldienst-schmeier-04b12e.de\/index.php\/wp-json\/wp\/v2\/pages\/2\/revisions"}],"predecessor-version":[{"id":120,"href":"https:\/\/www.xn--schlsseldienst-schmeier-04b12e.de\/index.php\/wp-json\/wp\/v2\/pages\/2\/revisions\/120"}],"wp:attachment":[{"href":"https:\/\/www.xn--schlsseldienst-schmeier-04b12e.de\/index.php\/wp-json\/wp\/v2\/media?parent=2"}],"curies":[{"name":"wp","href":"https:\/\/api.w.org\/{rel}","templated":true}]}}